{"id":264,"date":"2020-06-22T10:30:43","date_gmt":"2020-06-22T08:30:43","guid":{"rendered":"https:\/\/urbascan.com\/?post_type=product&#038;p=264"},"modified":"2022-09-22T15:34:03","modified_gmt":"2022-09-22T13:34:03","slug":"urbaclic","status":"publish","type":"product","link":"https:\/\/urbascan.com\/index.php\/product\/urbaclic\/","title":{"rendered":"URBAclic"},"content":{"rendered":"<p><strong>La r\u00e9glementation d&rsquo;urbanisme applicable en 1 clic<\/strong><br \/>\nBesoin de conna\u00eetre la r\u00e9glementation d&rsquo;urbanisme d&rsquo;une parcelle cadastrale \u00e0 partir de ses r\u00e9f\u00e9rences cadastrales ou son adresse postale ?<\/p>\n<p>Apr\u00e8s nous avoir envoy\u00e9 les informations sur la parcelle pour laquelle vous sollicitez la r\u00e9glementation,<\/p>\n<p>Nous vous transmettons :<\/p>\n<ul>\n<li style=\"list-style-type: none;\">\n<ul>\n<li><strong>Le plan de zonage du PLU appliqu\u00e9 \u00e0 la parcelle<\/strong><\/li>\n<li>Le r\u00e8glement de la zone du PLU<\/li>\n<li>Le plan de zonage du PPR, le cas \u00e9ch\u00e9ant<\/li>\n<li>Le r\u00e8glement du PPR, le cas \u00e9ch\u00e9ant<\/li>\n<li>Lexique Juridique + m\u00e9mo des sigles et abr\u00e9viations + grille de lecture<\/li>\n<\/ul>\n<\/li>\n<\/ul>\n<p>&nbsp;<\/p>\n","protected":false},"excerpt":{"rendered":"<p>La r\u00e9glementation d&rsquo;urbanisme applicable en 1 clic !<\/p>\n","protected":false},"featured_media":266,"template":"","meta":[],"product_cat":[25],"product_tag":[27,29],"_links":{"self":[{"href":"https:\/\/urbascan.com\/index.php\/wp-json\/wp\/v2\/product\/264"}],"collection":[{"href":"https:\/\/urbascan.com\/index.php\/wp-json\/wp\/v2\/product"}],"about":[{"href":"https:\/\/urbascan.com\/index.php\/wp-json\/wp\/v2\/types\/product"}],"wp:featuredmedia":[{"embeddable":true,"href":"https:\/\/urbascan.com\/index.php\/wp-json\/wp\/v2\/media\/266"}],"wp:attachment":[{"href":"https:\/\/urbascan.com\/index.php\/wp-json\/wp\/v2\/media?parent=264"}],"wp:term":[{"taxonomy":"product_cat","embeddable":true,"href":"https:\/\/urbascan.com\/index.php\/wp-json\/wp\/v2\/product_cat?post=264"},{"taxonomy":"product_tag","embeddable":true,"href":"https:\/\/urbascan.com\/index.php\/wp-json\/wp\/v2\/product_tag?post=264"}],"curies":[{"name":"wp","href":"https:\/\/api.w.org\/{rel}","templated":true}]}}